{"id":2300,"date":"2022-03-25T09:42:21","date_gmt":"2022-03-25T09:42:21","guid":{"rendered":"https:\/\/lustmag.com\/?page_id=2300"},"modified":"2024-06-05T15:08:41","modified_gmt":"2024-06-05T15:08:41","slug":"impressum","status":"publish","type":"page","link":"https:\/\/erobella.com\/lust\/en\/impressum\/","title":{"rendered":"Impressum"},"content":{"rendered":"\n<h1>Impressum<\/h1>\n\n\n\n<figure class=\"wp-block-image size-large\"><img loading=\"lazy\" width=\"444\" height=\"210\" src=\"https:\/\/lustmag.com\/wp-content\/uploads\/2022\/03\/impressum.png\" alt=\"\" class=\"wp-image-2301\"\/><\/figure>\n\n\n\n<h2>EU-Streitschlichtung<\/h2>\n\n\n\n<p>Plattform der EU-Kommission zur Online-Streitbeilegung:&nbsp;<a href=\"http:\/\/www.ec.europa.eu\/consumers\/odr\" target=\"_blank\" rel=\"noreferrer noopener\">www.ec.europa.eu\/consumers\/odr<\/a><\/p>\n\n\n\n<p>Haftungs- und Urheberrechtshinweise<\/p>\n\n\n\n<h2>Linkhaftung<\/h2>\n\n\n\n<p>Wir m\u00f6chten darauf hinweisen, dass der Anbieter keinen Einfluss auf die Gestaltung und Inhalte von verlinkten Seiten hat. Der Anbieter dieser Webseite haftet lediglich f\u00fcr Links bzw. deren Verweisziele, wenn er von den Inhalten Kenntnis hat und es ihm auch technisch m\u00f6glich und zumutbar w\u00e4re die Nutzung im Fall von rechtswidrigen Inhalten zu verhindern. Anzumerken ist, dass f\u00fcr alle dar\u00fcber hinausgehenden Inhalte und etwaige Sch\u00e4den durch die Nutzung bzw. Nichtnutzung der verlinkten Informationen lediglich der Anbieter der verlinkten Seite und nicht der Provider, auf dessen Plattform lediglich die Verlinkung bzw. der Link ver\u00f6ffentlicht wurde haftet.<\/p>\n\n\n\n<h2>Urheberrecht<\/h2>\n\n\n\n<p>Der Anbieter dieser Webseite legt auf die Einhaltung etwaiger Urheberrecht Wert. Sofern sich auf der Plattform dennoch Inhalte befinden, die gegen Bestimmungen des Urheberrechts versto\u00dfen, so wird der Anbieter diese Inhalte nach Benachrichtigung durch Nutzer\/Besucher bzw. andere Akteure auf der Plattform entfernen und gegebenenfalls weitere Schritte einleiten. Inhalte dieser Plattform (Bilder, Fotos, Texte, Videos) unterliegen dem Urheberrecht. Falls notwendig, werden wir die unerlaubte Nutzung von Teilen der Inhalte unserer Seite rechtlich verfolgen.<\/p>\n\n\n\n<h2>Rechtswirksamkeit und Haftungsausschlusses<\/h2>\n\n\n\n<p>Der Anbieter \u00fcbernimmt keinerlei Gew\u00e4hr f\u00fcr die Aktualit\u00e4t, Korrektheit, Vollst\u00e4ndigkeit oder Qualit\u00e4t von bereitgestellten Texte, Fotos, E-Mail Adressen oder sonstigen Inhalten. Inserenten sind f\u00fcr die Richtigkeit der von Ihnen geteilten Angaben und Inhalte selbst verantwortlich.<\/p>\n\n\n\n<p>Die Inhalte dieses Onlineangebotes dienen lediglich der Information und entfalten keine rechtlich bindende Wirkung, sofern es sich nicht um gesetzlich verpflichtende Informationen (z.B. das Impressum, die Datenschutzerkl\u00e4rung, AGB oder verpflichtende Belehrungen von Verbrauchern) handelt. Alle Angebote sind freibleibend und unverbindlich.<\/p>\n\n\n\n<p>Sollten einzelne Bestimmungen unwirksam oder undurchf\u00fchrbar sein oder sp\u00e4ter unwirksam oder undurchf\u00fchrbar werden bzw. der geltenden Rechtslage widersprechen, bleibt davon die Wirksamkeit der \u00fcbrigen Bestimmungen unber\u00fchrt.<\/p>\n","protected":false},"excerpt":{"rendered":"<p>Impressum EU-Streitschlichtung Plattform der EU-Kommission zur Online-Streitbeilegung:&nbsp;www.ec.europa.eu\/consumers\/odr Haftungs- und Urheberrechtshinweise Linkhaftung Wir m\u00f6chten darauf hinweisen, dass der Anbieter keinen Einfluss auf die Gestaltung und Inhalte von verlinkten Seiten hat. Der Anbieter dieser Webseite haftet lediglich f\u00fcr Links bzw. deren Verweisziele, wenn er von den Inhalten Kenntnis hat und es ihm auch technisch m\u00f6glich und zumutbar [&hellip;]<\/p>\n","protected":false},"author":1,"featured_media":1110,"parent":0,"menu_order":0,"comment_status":"closed","ping_status":"closed","template":"","meta":[],"yoast_head":"<!-- This site is optimized with the Yoast SEO plugin v15.5 - https:\/\/yoast.com\/wordpress\/plugins\/seo\/ -->\n<title>Impressum - Lust<\/title>\n<meta name=\"robots\" content=\"noindex, follow\" \/>\n<meta property=\"og:locale\" content=\"en_US\" \/>\n<meta property=\"og:type\" content=\"article\" \/>\n<meta property=\"og:title\" content=\"Impressum - Lust\" \/>\n<meta property=\"og:description\" content=\"Impressum EU-Streitschlichtung Plattform der EU-Kommission zur Online-Streitbeilegung:&nbsp;www.ec.europa.eu\/consumers\/odr Haftungs- und Urheberrechtshinweise Linkhaftung Wir m\u00f6chten darauf hinweisen, dass der Anbieter keinen Einfluss auf die Gestaltung und Inhalte von verlinkten Seiten hat. Der Anbieter dieser Webseite haftet lediglich f\u00fcr Links bzw. deren Verweisziele, wenn er von den Inhalten Kenntnis hat und es ihm auch technisch m\u00f6glich und zumutbar [&hellip;]\" \/>\n<meta property=\"og:url\" content=\"https:\/\/erobella.com\/lust\/impressum\/\" \/>\n<meta property=\"og:site_name\" content=\"Lust\" \/>\n<meta property=\"article:modified_time\" content=\"2024-06-05T15:08:41+00:00\" \/>\n<meta property=\"og:image\" content=\"https:\/\/erobella.com\/lust\/wp-content\/uploads\/2020\/12\/German_Laws_Color.jpg\" \/>\n\t<meta property=\"og:image:width\" content=\"6300\" \/>\n\t<meta property=\"og:image:height\" content=\"2700\" \/>\n<meta name=\"twitter:card\" content=\"summary_large_image\" \/>\n<meta name=\"twitter:label1\" content=\"Est. reading time\">\n\t<meta name=\"twitter:data1\" content=\"1 minute\">\n<script type=\"application\/ld+json\" class=\"yoast-schema-graph\">{\"@context\":\"https:\/\/schema.org\",\"@graph\":[{\"@type\":\"WebSite\",\"@id\":\"https:\/\/erobella.com\/lust\/#website\",\"url\":\"https:\/\/erobella.com\/lust\/\",\"name\":\"Lust\",\"description\":\"The Sex Magazine by Erobella\",\"potentialAction\":[{\"@type\":\"SearchAction\",\"target\":\"https:\/\/erobella.com\/lust\/?s={search_term_string}\",\"query-input\":\"required name=search_term_string\"}],\"inLanguage\":\"en-US\"},{\"@type\":\"ImageObject\",\"@id\":\"https:\/\/erobella.com\/lust\/impressum\/#primaryimage\",\"inLanguage\":\"en-US\",\"url\":\"https:\/\/erobella.com\/lust\/wp-content\/uploads\/2020\/12\/German_Laws_Color.jpg\",\"width\":6300,\"height\":2700},{\"@type\":\"WebPage\",\"@id\":\"https:\/\/erobella.com\/lust\/impressum\/#webpage\",\"url\":\"https:\/\/erobella.com\/lust\/impressum\/\",\"name\":\"Impressum - Lust\",\"isPartOf\":{\"@id\":\"https:\/\/erobella.com\/lust\/#website\"},\"primaryImageOfPage\":{\"@id\":\"https:\/\/erobella.com\/lust\/impressum\/#primaryimage\"},\"datePublished\":\"2022-03-25T09:42:21+00:00\",\"dateModified\":\"2024-06-05T15:08:41+00:00\",\"inLanguage\":\"en-US\",\"potentialAction\":[{\"@type\":\"ReadAction\",\"target\":[\"https:\/\/erobella.com\/lust\/impressum\/\"]}]}]}<\/script>\n<!-- \/ Yoast SEO plugin. -->","_links":{"self":[{"href":"https:\/\/erobella.com\/lust\/en\/wp-json\/wp\/v2\/pages\/2300"}],"collection":[{"href":"https:\/\/erobella.com\/lust\/en\/wp-json\/wp\/v2\/pages"}],"about":[{"href":"https:\/\/erobella.com\/lust\/en\/wp-json\/wp\/v2\/types\/page"}],"author":[{"embeddable":true,"href":"https:\/\/erobella.com\/lust\/en\/wp-json\/wp\/v2\/users\/1"}],"replies":[{"embeddable":true,"href":"https:\/\/erobella.com\/lust\/en\/wp-json\/wp\/v2\/comments?post=2300"}],"version-history":[{"count":4,"href":"https:\/\/erobella.com\/lust\/en\/wp-json\/wp\/v2\/pages\/2300\/revisions"}],"predecessor-version":[{"id":3458,"href":"https:\/\/erobella.com\/lust\/en\/wp-json\/wp\/v2\/pages\/2300\/revisions\/3458"}],"wp:featuredmedia":[{"embeddable":true,"href":"https:\/\/erobella.com\/lust\/en\/wp-json\/wp\/v2\/media\/1110"}],"wp:attachment":[{"href":"https:\/\/erobella.com\/lust\/en\/wp-json\/wp\/v2\/media?parent=2300"}],"curies":[{"name":"wp","href":"https:\/\/api.w.org\/{rel}","templated":true}]}}